{"id":153,"date":"2024-09-01T14:21:35","date_gmt":"2024-09-01T14:21:35","guid":{"rendered":"https:\/\/tvetatrading.se\/?page_id=153"},"modified":"2024-09-10T15:36:48","modified_gmt":"2024-09-10T15:36:48","slug":"leveransvillkor","status":"publish","type":"page","link":"https:\/\/tvetatrading.se\/index.php\/leveransvillkor\/","title":{"rendered":"Leveransvillkor"},"content":{"rendered":"\t\t<div data-elementor-type=\"wp-page\" data-elementor-id=\"153\" class=\"elementor elementor-153\" data-elementor-post-type=\"page\">\n\t\t\t\t<div class=\"elementor-element elementor-element-d534508 e-flex e-con-boxed e-con e-parent\" data-id=\"d534508\" data-element_type=\"container\">\n\t\t\t\t\t<div class=\"e-con-inner\">\n\t\t<div class=\"elementor-element elementor-element-979689e e-flex e-con-boxed e-con e-child\" data-id=\"979689e\" data-element_type=\"container\">\n\t\t\t\t\t<div class=\"e-con-inner\">\n\t\t\t\t<div class=\"elementor-element elementor-element-63c18eb elementor-widget elementor-widget-heading\" data-id=\"63c18eb\" data-element_type=\"widget\" data-widget_type=\"heading.default\">\n\t\t\t\t<div class=\"elementor-widget-container\">\n\t\t\t\t\t<h2 class=\"elementor-heading-title elementor-size-default\">Leveransvillkor<\/h2>\t\t\t\t<\/div>\n\t\t\t\t<\/div>\n\t\t\t\t<div class=\"elementor-element elementor-element-12b796f elementor-widget-divider--view-line elementor-widget elementor-widget-divider\" data-id=\"12b796f\" data-element_type=\"widget\" data-widget_type=\"divider.default\">\n\t\t\t\t<div class=\"elementor-widget-container\">\n\t\t\t\t\t\t\t<div class=\"elementor-divider\">\n\t\t\t<span class=\"elementor-divider-separator\">\n\t\t\t\t\t\t<\/span>\n\t\t<\/div>\n\t\t\t\t\t\t<\/div>\n\t\t\t\t<\/div>\n\t\t\t\t<div class=\"elementor-element elementor-element-b002819 elementor-widget elementor-widget-heading\" data-id=\"b002819\" data-element_type=\"widget\" data-widget_type=\"heading.default\">\n\t\t\t\t<div class=\"elementor-widget-container\">\n\t\t\t\t\t<h2 class=\"elementor-heading-title elementor-size-default\">Leverans normalt inom 10 dagar. Undantag  vid h\u00f6gre belastning vid utlottningar och kampanjer.  <br><br>\nOm inte s\u00e4ndningen tas emot faktureras faktiska kostnader f\u00f6r returnering. <br>\nOm ni inte har m\u00f6jlighet att ta emot s\u00e4ndningen kan ni l\u00e4mna medgivande att s\u00e4ndningen f\u00e5r l\u00e4mnas under erat ansvar. <br><br>\n\nVid leverans skall det vara fritt framkomligt med lastbil 4,5 i h\u00f6jd och v\u00e4glaget skall vara framkomligt, sn\u00f6r\u00f6jt och halkbek\u00e4mpat . Lastbil lossas med truck och skall vara farbart f\u00f6r handtruck. <br><br>\n\nLeverans d\u00e4r extra avgifter tillkommer faktureras kunden avgifterna, exempelvis v\u00e4g- och broavgifter, f\u00e4rjeavgifter. <br><br>\n\nVid faktura skall den betalas senast 10 dagar efter fakturadatum. Vid kampanjer och utlottningar g\u00e4ller f\u00f6rskottsbetalning. <br><br>\n\nLeverans till Gotland tillkommer en avgift p\u00e5 200kr per pall.\n<\/h2>\t\t\t\t<\/div>\n\t\t\t\t<\/div>\n\t\t\t\t\t<\/div>\n\t\t\t\t<\/div>\n\t\t\t\t\t<\/div>\n\t\t\t\t<\/div>\n\t\t\t\t<\/div>\n\t\t","protected":false},"excerpt":{"rendered":"<p>Leveransvillkor Leverans normalt inom 10 dagar. Undantag vid h\u00f6gre belastning vid utlottningar och kampanjer. Om inte s\u00e4ndningen tas emot faktureras faktiska kostnader f\u00f6r returnering. Om ni inte har m\u00f6jlighet att ta emot s\u00e4ndningen kan ni l\u00e4mna medgivande att s\u00e4ndningen f\u00e5r l\u00e4mnas under erat ansvar. Vid leverans skall det vara fritt framkomligt med lastbil 4,5 i [&hellip;]<\/p>\n","protected":false},"author":1,"featured_media":0,"parent":0,"menu_order":0,"comment_status":"closed","ping_status":"closed","template":"","meta":{"footnotes":""},"_links":{"self":[{"href":"https:\/\/tvetatrading.se\/index.php\/wp-json\/wp\/v2\/pages\/153"}],"collection":[{"href":"https:\/\/tvetatrading.se\/index.php\/wp-json\/wp\/v2\/pages"}],"about":[{"href":"https:\/\/tvetatrading.se\/index.php\/wp-json\/wp\/v2\/types\/page"}],"author":[{"embeddable":true,"href":"https:\/\/tvetatrading.se\/index.php\/wp-json\/wp\/v2\/users\/1"}],"replies":[{"embeddable":true,"href":"https:\/\/tvetatrading.se\/index.php\/wp-json\/wp\/v2\/comments?post=153"}],"version-history":[{"count":13,"href":"https:\/\/tvetatrading.se\/index.php\/wp-json\/wp\/v2\/pages\/153\/revisions"}],"predecessor-version":[{"id":236,"href":"https:\/\/tvetatrading.se\/index.php\/wp-json\/wp\/v2\/pages\/153\/revisions\/236"}],"wp:attachment":[{"href":"https:\/\/tvetatrading.se\/index.php\/wp-json\/wp\/v2\/media?parent=153"}],"curies":[{"name":"wp","href":"https:\/\/api.w.org\/{rel}","templated":true}]}}